{"id":15,"date":"2025-09-08T19:53:26","date_gmt":"2025-09-08T17:53:26","guid":{"rendered":"https:\/\/eucred.ro\/?page_id=15"},"modified":"2025-09-13T20:44:00","modified_gmt":"2025-09-13T18:44:00","slug":"acasa","status":"publish","type":"page","link":"https:\/\/eucred.ro\/","title":{"rendered":"Acas\u0103"},"content":{"rendered":"\n<figure class=\"wp-block-image size-large\"><img loading=\"lazy\" decoding=\"async\" width=\"1024\" height=\"537\" src=\"https:\/\/eucred.ro\/wp-content\/uploads\/2025\/09\/EuCred-1024x537.jpeg\" alt=\"\" class=\"wp-image-44\" srcset=\"https:\/\/eucred.ro\/wp-content\/uploads\/2025\/09\/EuCred-1024x537.jpeg 1024w, https:\/\/eucred.ro\/wp-content\/uploads\/2025\/09\/EuCred-300x157.jpeg 300w, https:\/\/eucred.ro\/wp-content\/uploads\/2025\/09\/EuCred-768x402.jpeg 768w, https:\/\/eucred.ro\/wp-content\/uploads\/2025\/09\/EuCred.jpeg 1204w\" sizes=\"auto, (max-width: 1024px) 100vw, 1024px\" \/><\/figure>\n\n\n<form role=\"search\" method=\"get\" action=\"https:\/\/eucred.ro\/\" class=\"wp-block-search__button-outside wp-block-search__text-button wp-block-search\"    ><label class=\"wp-block-search__label\" for=\"wp-block-search__input-1\" >Caut\u0103<\/label><div class=\"wp-block-search__inside-wrapper\" ><input class=\"wp-block-search__input\" id=\"wp-block-search__input-1\" placeholder=\"\" value=\"\" type=\"search\" name=\"s\" required \/><button aria-label=\"Caut\u0103\" class=\"wp-block-search__button wp-element-button\" type=\"submit\" >Caut\u0103<\/button><\/div><\/form>\n\n\n<div class=\"wp-block-columns is-layout-flex wp-container-core-columns-is-layout-28f84493 wp-block-columns-is-layout-flex\">\n<div class=\"wp-block-column is-layout-flow wp-block-column-is-layout-flow\" style=\"flex-basis:66.66%\"><ul class=\"wp-block-latest-posts__list wp-block-latest-posts\"><li><div class=\"wp-block-latest-posts__featured-image alignleft\"><a href=\"https:\/\/eucred.ro\/index.php\/2025\/10\/15\/scoala-micilor-vedete-dam-folk\/\" aria-label=\"\u201e\u0218COALA MICILOR VEDETE- D\u0102M FOLK\u201d\"><img loading=\"lazy\" decoding=\"async\" width=\"150\" height=\"150\" src=\"https:\/\/eucred.ro\/wp-content\/uploads\/2025\/10\/IMG-20251015-WA0036-150x150.jpg\" class=\"attachment-thumbnail size-thumbnail wp-post-image\" alt=\"\" style=\"\" \/><\/a><\/div><a class=\"wp-block-latest-posts__post-title\" href=\"https:\/\/eucred.ro\/index.php\/2025\/10\/15\/scoala-micilor-vedete-dam-folk\/\">\u201e\u0218COALA MICILOR VEDETE- D\u0102M FOLK\u201d<\/a><div class=\"wp-block-latest-posts__post-excerpt\">Antologia care une\u0219te artele La data de 14 octombrie 2025, Hanul cu Pove\u0219ti din ora\u0219ul Bicaz, jude\u021bul Neam\u021b, a fost gazda unui eveniment pe c\u00e2t de frumos \u0219i de emo\u021bionant, pe at\u00e2t de inedit, prin prisma faptului c\u0103 actorii principali\u2026 <a class=\"wp-block-latest-posts__read-more\" href=\"https:\/\/eucred.ro\/index.php\/2025\/10\/15\/scoala-micilor-vedete-dam-folk\/\" rel=\"noopener noreferrer\">Cite\u0219te mai mult<span class=\"screen-reader-text\">: \u201e\u0218COALA MICILOR VEDETE- D\u0102M FOLK\u201d<\/span><\/a><\/div><\/li>\n<li><div class=\"wp-block-latest-posts__featured-image alignleft\"><a href=\"https:\/\/eucred.ro\/index.php\/2025\/09\/27\/grigore-vieru-poemele-dorului-cantat\/\" aria-label=\"GRIGORE VIERU- POEMELE DORULUI C\u00c2NTAT\"><img loading=\"lazy\" decoding=\"async\" width=\"150\" height=\"150\" src=\"https:\/\/eucred.ro\/wp-content\/uploads\/2025\/09\/gR-V-1-150x150.jpg\" class=\"attachment-thumbnail size-thumbnail wp-post-image\" alt=\"\" style=\"\" \/><\/a><\/div><a class=\"wp-block-latest-posts__post-title\" href=\"https:\/\/eucred.ro\/index.php\/2025\/09\/27\/grigore-vieru-poemele-dorului-cantat\/\">GRIGORE VIERU- POEMELE DORULUI C\u00c2NTAT<\/a><div class=\"wp-block-latest-posts__post-excerpt\">SPECTACOL OMAGIAL DEDICAT MARELUI POET ROM\u00c2N- BASARABEAN ,,Dac\u0103 visul unora a fost s\u0103 ajung\u0103 \u00een Cosmos, eu, via\u021ba \u00eentreag\u0103, am visat s\u0103 trec Prutul\u201d( Grigore Vieru) &nbsp;&nbsp;&nbsp;&nbsp;&nbsp;&nbsp;&nbsp;&nbsp;&nbsp; \u00cen aceste vremuri confuze, c\u00e2nd libertatea de exprimare pare a fi legat\u0103 \u00een\u2026 <a class=\"wp-block-latest-posts__read-more\" href=\"https:\/\/eucred.ro\/index.php\/2025\/09\/27\/grigore-vieru-poemele-dorului-cantat\/\" rel=\"noopener noreferrer\">Cite\u0219te mai mult<span class=\"screen-reader-text\">: GRIGORE VIERU- POEMELE DORULUI C\u00c2NTAT<\/span><\/a><\/div><\/li>\n<li><a class=\"wp-block-latest-posts__post-title\" href=\"https:\/\/eucred.ro\/index.php\/2025\/09\/25\/ansamblul-artistic-braul-rosu\/\">ANSAMBLUL ARTISTIC \u201eBR\u00c2UL RO\u0218U\u201d<\/a><div class=\"wp-block-latest-posts__post-excerpt\">PUNTE VIE \u00ceNTRE MO\u0218TENIRE \u0218I VIITOR \u201eDansatorii sunt atle\u021bii Lui Dumnezeu\u201d &nbsp;&nbsp;&nbsp;&nbsp;&nbsp;&nbsp;&nbsp;&nbsp;&nbsp;&nbsp;&nbsp;&nbsp;&nbsp;&nbsp;&nbsp;&nbsp;&nbsp;&nbsp;&nbsp;&nbsp;&nbsp;&nbsp;&nbsp;&nbsp;&nbsp;&nbsp;&nbsp;&nbsp;&nbsp;&nbsp;&nbsp;&nbsp;&nbsp;&nbsp;&nbsp;&nbsp;&nbsp;&nbsp;&nbsp;&nbsp;&nbsp;&nbsp;&nbsp;&nbsp;&nbsp;&nbsp;&nbsp;&nbsp;&nbsp;&nbsp;&nbsp;&nbsp;&nbsp;&nbsp;&nbsp;&nbsp;&nbsp;&nbsp;&nbsp;&nbsp;&nbsp;&nbsp;&nbsp;&nbsp;&nbsp;&nbsp;&nbsp;&nbsp;&nbsp;&nbsp;&nbsp;&nbsp;&nbsp;&nbsp;&nbsp;&nbsp;&nbsp;&nbsp;&nbsp;&nbsp;&nbsp;&nbsp;&nbsp;&nbsp;&nbsp;&nbsp;&nbsp;&nbsp;&nbsp; (Albert Eistein) &nbsp;&nbsp;&nbsp;&nbsp;&nbsp;&nbsp;&nbsp;&nbsp;&nbsp; Lumea contemporan\u0103 se transform\u0103, pe zi ce trece, \u00eentr-o societate rigid\u0103, rece, \u00een care, pe primul loc este pus confortul \u0219i&nbsp; tehnologia, culmin\u00e2nd cu inteligen\u021ba\u2026 <a class=\"wp-block-latest-posts__read-more\" href=\"https:\/\/eucred.ro\/index.php\/2025\/09\/25\/ansamblul-artistic-braul-rosu\/\" rel=\"noopener noreferrer\">Cite\u0219te mai mult<span class=\"screen-reader-text\">: ANSAMBLUL ARTISTIC \u201eBR\u00c2UL RO\u0218U\u201d<\/span><\/a><\/div><\/li>\n<li><div class=\"wp-block-latest-posts__featured-image alignleft\"><a href=\"https:\/\/eucred.ro\/index.php\/2025\/09\/15\/bucuria-de-a-darui-marius-coserariu\/\" aria-label=\"Bucuria de a d\u0103rui &#8211; Marius Co\u015ferariu\"><img loading=\"lazy\" decoding=\"async\" width=\"150\" height=\"150\" src=\"https:\/\/eucred.ro\/wp-content\/uploads\/2025\/09\/IMG-20250915-WA0036-150x150.jpg\" class=\"attachment-thumbnail size-thumbnail wp-post-image\" alt=\"\" style=\"\" \/><\/a><\/div><a class=\"wp-block-latest-posts__post-title\" href=\"https:\/\/eucred.ro\/index.php\/2025\/09\/15\/bucuria-de-a-darui-marius-coserariu\/\">Bucuria de a d\u0103rui &#8211; Marius Co\u015ferariu<\/a><div class=\"wp-block-latest-posts__post-excerpt\">&nbsp;&nbsp;&nbsp;&nbsp;&nbsp;&nbsp;&nbsp;&nbsp;&nbsp; A\u0219 fi putut s\u0103 \u00eencep acest articol simplu, f\u0103r\u0103 artificii, ci, pur \u0219i simplu, s\u0103 aduc \u00een aten\u021bia oamenilor care \u00eenc\u0103 mai au \u00een suflet o&nbsp; brum\u0103 de credin\u021b\u0103 \u0219i iubire, faptul c\u0103 Asocia\u021bia Cultural\u0103 \u201eEu Cred\u201d Ta\u0219ca, \u00eencearc\u0103\u2026 <a class=\"wp-block-latest-posts__read-more\" href=\"https:\/\/eucred.ro\/index.php\/2025\/09\/15\/bucuria-de-a-darui-marius-coserariu\/\" rel=\"noopener noreferrer\">Cite\u0219te mai mult<span class=\"screen-reader-text\">: Bucuria de a d\u0103rui &#8211; Marius Co\u015ferariu<\/span><\/a><\/div><\/li>\n<li><div class=\"wp-block-latest-posts__featured-image alignleft\"><a href=\"https:\/\/eucred.ro\/index.php\/2025\/09\/11\/dam-folk-2\/\" aria-label=\"D\u0102M FOLK\"><img loading=\"lazy\" decoding=\"async\" width=\"150\" height=\"150\" src=\"https:\/\/eucred.ro\/wp-content\/uploads\/2025\/09\/DamFolk-150x150.jpeg\" class=\"attachment-thumbnail size-thumbnail wp-post-image\" alt=\"\" style=\"\" \/><\/a><\/div><a class=\"wp-block-latest-posts__post-title\" href=\"https:\/\/eucred.ro\/index.php\/2025\/09\/11\/dam-folk-2\/\">D\u0102M FOLK<\/a><div class=\"wp-block-latest-posts__post-excerpt\">Nu-i greu deloc s\u0103 fim frumo\u0219i \u0219i buni, E cel mai simplu lucru de f\u0103cut, Putem s\u0103 credem ast\u0103zi \u00een minuni Prin c\u00e2ntec \u0219i prin vers Am ren\u0103scut. La poale de ceahl\u0103u ne-am adunat, Am \u00een\u0103l\u021bat spre ceruri alte pun\u021bi,\u2026 <a class=\"wp-block-latest-posts__read-more\" href=\"https:\/\/eucred.ro\/index.php\/2025\/09\/11\/dam-folk-2\/\" rel=\"noopener noreferrer\">Cite\u0219te mai mult<span class=\"screen-reader-text\">: D\u0102M FOLK<\/span><\/a><\/div><\/li>\n<li><div class=\"wp-block-latest-posts__featured-image alignleft\"><a href=\"https:\/\/eucred.ro\/index.php\/2025\/09\/11\/interviu-cu-domnul-marius-coserariu-despre-viata-muzica-si-dragostea-pentru-folk\/\" aria-label=\"Interviu cu domnul Marius Co\u0219erariu \u2013 despre via\u021b\u0103, muzic\u0103 \u0219i dragostea pentru folk\"><img loading=\"lazy\" decoding=\"async\" width=\"150\" height=\"150\" src=\"https:\/\/eucred.ro\/wp-content\/uploads\/2025\/09\/coserariu-150x150.jpg\" class=\"attachment-thumbnail size-thumbnail wp-post-image\" alt=\"\" style=\"\" \/><\/a><\/div><a class=\"wp-block-latest-posts__post-title\" href=\"https:\/\/eucred.ro\/index.php\/2025\/09\/11\/interviu-cu-domnul-marius-coserariu-despre-viata-muzica-si-dragostea-pentru-folk\/\">Interviu cu domnul Marius Co\u0219erariu \u2013 despre via\u021b\u0103, muzic\u0103 \u0219i dragostea pentru folk<\/a><div class=\"wp-block-latest-posts__post-excerpt\">\u2013 Bun\u0103 ziua, domnule Marius. Ne&nbsp; numim Anisia Andrei \u0219i Tanas\u0103 Andrei \u0219i&nbsp; avem&nbsp; onoarea s\u0103 v\u0103 adresam c\u00e2teva \u00eentreb\u0103ri pentru a descoperi mai multe despre via\u021ba dumneavoastr\u0103. Pentru \u00eenceput: ce a\u021bi f\u0103cut \u00eenainte de a v\u0103 \u00eencepe via\u021ba de\u2026 <a class=\"wp-block-latest-posts__read-more\" href=\"https:\/\/eucred.ro\/index.php\/2025\/09\/11\/interviu-cu-domnul-marius-coserariu-despre-viata-muzica-si-dragostea-pentru-folk\/\" rel=\"noopener noreferrer\">Cite\u0219te mai mult<span class=\"screen-reader-text\">: Interviu cu domnul Marius Co\u0219erariu \u2013 despre via\u021b\u0103, muzic\u0103 \u0219i dragostea pentru folk<\/span><\/a><\/div><\/li>\n<\/ul><\/div>\n\n\n\n<div class=\"wp-block-column is-layout-flow wp-block-column-is-layout-flow\" style=\"flex-basis:33.33%\">\n<p><strong>Ultimele articole<\/strong><\/p>\n\n\n<ul class=\"wp-block-latest-posts__list wp-block-latest-posts\"><li><a class=\"wp-block-latest-posts__post-title\" href=\"https:\/\/eucred.ro\/index.php\/2025\/10\/15\/scoala-micilor-vedete-dam-folk\/\">\u201e\u0218COALA MICILOR VEDETE- D\u0102M FOLK\u201d<\/a><\/li>\n<li><a class=\"wp-block-latest-posts__post-title\" href=\"https:\/\/eucred.ro\/index.php\/2025\/09\/27\/grigore-vieru-poemele-dorului-cantat\/\">GRIGORE VIERU- POEMELE DORULUI C\u00c2NTAT<\/a><\/li>\n<li><a class=\"wp-block-latest-posts__post-title\" href=\"https:\/\/eucred.ro\/index.php\/2025\/09\/25\/ansamblul-artistic-braul-rosu\/\">ANSAMBLUL ARTISTIC \u201eBR\u00c2UL RO\u0218U\u201d<\/a><\/li>\n<li><a class=\"wp-block-latest-posts__post-title\" href=\"https:\/\/eucred.ro\/index.php\/2025\/09\/15\/bucuria-de-a-darui-marius-coserariu\/\">Bucuria de a d\u0103rui &#8211; Marius Co\u015ferariu<\/a><\/li>\n<li><a class=\"wp-block-latest-posts__post-title\" href=\"https:\/\/eucred.ro\/index.php\/2025\/09\/11\/dam-folk-2\/\">D\u0102M FOLK<\/a><\/li>\n<\/ul>\n\n\n<p><strong>Categorii ( articole )<\/strong><\/p>\n\n\n<ul class=\"wp-block-categories-list wp-block-categories\">\t<li class=\"cat-item cat-item-9\"><a href=\"https:\/\/eucred.ro\/index.php\/category\/copiii-florile-inimii\/\">Copiii-Florile Inimii<\/a>\n<\/li>\n\t<li class=\"cat-item cat-item-8\"><a href=\"https:\/\/eucred.ro\/index.php\/category\/dam-folk\/\">D\u0103m Folk<\/a>\n<\/li>\n\t<li class=\"cat-item cat-item-10\"><a href=\"https:\/\/eucred.ro\/index.php\/category\/evenimente\/\">Evenimente<\/a>\n<\/li>\n\t<li class=\"cat-item cat-item-1\"><a href=\"https:\/\/eucred.ro\/index.php\/category\/fara_categorie\/\">Far\u0103 categorie<\/a>\n<\/li>\n\t<li class=\"cat-item cat-item-7\"><a href=\"https:\/\/eucred.ro\/index.php\/category\/traditii\/\">Traditii<\/a>\n<\/li>\n<\/ul>\n\n\n<p><strong>Arhiva ( articole )<\/strong><\/p>\n\n\n<ul class=\"wp-block-archives-list wp-block-archives\">\t<li><a href='https:\/\/eucred.ro\/index.php\/2025\/10\/'>octombrie 2025<\/a><\/li>\n\t<li><a href='https:\/\/eucred.ro\/index.php\/2025\/09\/'>septembrie 2025<\/a><\/li>\n<\/ul>\n\n\n<p><strong>Etichete<\/strong><\/p>\n\n\n<p class=\"wp-block-tag-cloud\"><a href=\"https:\/\/eucred.ro\/index.php\/tag\/dam-folk\/\" class=\"tag-cloud-link tag-link-11 tag-link-position-1\" style=\"font-size: 14.909090909091pt;\" aria-label=\"D\u0103m Folk (4 elemente)\">D\u0103m Folk<\/a>\n<a href=\"https:\/\/eucred.ro\/index.php\/tag\/ecoul-muntilor\/\" class=\"tag-cloud-link tag-link-16 tag-link-position-2\" style=\"font-size: 15.490909090909pt;\" aria-label=\"Ecoul Mun\u0163ilor (5 elemente)\">Ecoul Mun\u0163ilor<\/a>\n<a href=\"https:\/\/eucred.ro\/index.php\/tag\/eu-cred-dam-folk\/\" class=\"tag-cloud-link tag-link-14 tag-link-position-3\" style=\"font-size: 15.490909090909pt;\" aria-label=\"Eu Cred D\u0103m Folk (5 elemente)\">Eu Cred D\u0103m Folk<\/a>\n<a href=\"https:\/\/eucred.ro\/index.php\/tag\/hanul-cu-povesti\/\" class=\"tag-cloud-link tag-link-17 tag-link-position-4\" style=\"font-size: 12pt;\" aria-label=\"Hanul Cu pove\u015fti (1 element)\">Hanul Cu pove\u015fti<\/a>\n<a href=\"https:\/\/eucred.ro\/index.php\/tag\/marius-coserariu\/\" class=\"tag-cloud-link tag-link-13 tag-link-position-5\" style=\"font-size: 16pt;\" aria-label=\"marius Co\u015ferariu (6 elemente)\">marius Co\u015ferariu<\/a>\n<a href=\"https:\/\/eucred.ro\/index.php\/tag\/tasca\/\" class=\"tag-cloud-link tag-link-15 tag-link-position-6\" style=\"font-size: 15.490909090909pt;\" aria-label=\"Ta\u015fca (5 elemente)\">Ta\u015fca<\/a>\n<a href=\"https:\/\/eucred.ro\/index.php\/tag\/scoala-micilor-vedete\/\" class=\"tag-cloud-link tag-link-18 tag-link-position-7\" style=\"font-size: 12pt;\" aria-label=\"\u015ecoala Micilor vedete (1 element)\">\u015ecoala Micilor vedete<\/a><\/p>\n\n\n<p><\/p>\n<\/div>\n<\/div>\n\n\n\n<p><\/p>\n","protected":false},"excerpt":{"rendered":"<p>Ultimele articole Categorii ( articole ) Arhiva ( articole ) Etichete<\/p>\n","protected":false},"author":1,"featured_media":0,"parent":0,"menu_order":0,"comment_status":"closed","ping_status":"closed","template":"","meta":{"footnotes":""},"class_list":["post-15","page","type-page","status-publish","hentry"],"yoast_head":"<!-- This site is optimized with the Yoast SEO plugin v26.5 - https:\/\/yoast.com\/wordpress\/plugins\/seo\/ -->\n<title>Acas\u0103 -<\/title>\n<meta name=\"robots\" content=\"index, follow, max-snippet:-1, max-image-preview:large, max-video-preview:-1\" \/>\n<link rel=\"canonical\" href=\"https:\/\/eucred.ro\/\" \/>\n<meta property=\"og:locale\" content=\"ro_RO\" \/>\n<meta property=\"og:type\" content=\"article\" \/>\n<meta property=\"og:title\" content=\"Acas\u0103 -\" \/>\n<meta property=\"og:description\" content=\"Ultimele articole Categorii ( articole ) Arhiva ( articole ) Etichete\" \/>\n<meta property=\"og:url\" content=\"https:\/\/eucred.ro\/\" \/>\n<meta property=\"article:modified_time\" content=\"2025-09-13T18:44:00+00:00\" \/>\n<meta property=\"og:image\" content=\"https:\/\/eucred.ro\/wp-content\/uploads\/2025\/09\/EuCred.jpeg\" \/>\n\t<meta property=\"og:image:width\" content=\"1204\" \/>\n\t<meta property=\"og:image:height\" content=\"631\" \/>\n\t<meta property=\"og:image:type\" content=\"image\/jpeg\" \/>\n<meta name=\"twitter:card\" content=\"summary_large_image\" \/>\n<meta name=\"twitter:label1\" content=\"Timp estimat pentru citire\" \/>\n\t<meta name=\"twitter:data1\" content=\"1 minut\" \/>\n<script type=\"application\/ld+json\" class=\"yoast-schema-graph\">{\"@context\":\"https:\/\/schema.org\",\"@graph\":[{\"@type\":\"WebPage\",\"@id\":\"https:\/\/eucred.ro\/\",\"url\":\"https:\/\/eucred.ro\/\",\"name\":\"Acas\u0103 -\",\"isPartOf\":{\"@id\":\"https:\/\/eucred.ro\/#website\"},\"primaryImageOfPage\":{\"@id\":\"https:\/\/eucred.ro\/#primaryimage\"},\"image\":{\"@id\":\"https:\/\/eucred.ro\/#primaryimage\"},\"thumbnailUrl\":\"https:\/\/eucred.ro\/wp-content\/uploads\/2025\/09\/EuCred-1024x537.jpeg\",\"datePublished\":\"2025-09-08T17:53:26+00:00\",\"dateModified\":\"2025-09-13T18:44:00+00:00\",\"breadcrumb\":{\"@id\":\"https:\/\/eucred.ro\/#breadcrumb\"},\"inLanguage\":\"ro-RO\",\"potentialAction\":[{\"@type\":\"ReadAction\",\"target\":[\"https:\/\/eucred.ro\/\"]}]},{\"@type\":\"ImageObject\",\"inLanguage\":\"ro-RO\",\"@id\":\"https:\/\/eucred.ro\/#primaryimage\",\"url\":\"https:\/\/eucred.ro\/wp-content\/uploads\/2025\/09\/EuCred.jpeg\",\"contentUrl\":\"https:\/\/eucred.ro\/wp-content\/uploads\/2025\/09\/EuCred.jpeg\",\"width\":1204,\"height\":631,\"caption\":\"EU CRED Eu cred c\u0103 \u00eenc\u0103 se mai poate face Dreptate pentru cei s\u0103rmani \u0219i goi, \u00cenc\u0103 mai cred \u00een dragoste \u0219i pace, Cred \u00eentr-o lume f\u0103r\u0103 de nevoi. Eu cred c\u0103 lumea poate fi mai bun\u0103, C\u0103 R\u0103stignirea n-a fost de prisos \u0218i cred c\u0103 \u00eentr-o zi o s\u0103 apun\u0103, R\u0103zboiul dintre oameni, nemilos. Cred \u00een respect, speran\u021b\u0103, unitate \u0218i cred c\u0103 r\u0103ul poate fi distrus, Cred cu t\u0103rie-n om \u0219i demnitate, \u00cen \u00cenvierea sf\u00eent\u0103-a Lui Iisus.\"},{\"@type\":\"BreadcrumbList\",\"@id\":\"https:\/\/eucred.ro\/#breadcrumb\",\"itemListElement\":[{\"@type\":\"ListItem\",\"position\":1,\"name\":\"Prima pagin\u0103\",\"item\":\"https:\/\/eucred.ro\/\"},{\"@type\":\"ListItem\",\"position\":2,\"name\":\"Acas\u0103\"}]},{\"@type\":\"WebSite\",\"@id\":\"https:\/\/eucred.ro\/#website\",\"url\":\"https:\/\/eucred.ro\/\",\"name\":\"www.eucred.ro\",\"description\":\"\u201eCred \u00een respect, speran\u021b\u0103, unitate \/ Cred cu t\u0103rie-n om \u0219i demnitate!\u201d\",\"publisher\":{\"@id\":\"https:\/\/eucred.ro\/#organization\"},\"potentialAction\":[{\"@type\":\"SearchAction\",\"target\":{\"@type\":\"EntryPoint\",\"urlTemplate\":\"https:\/\/eucred.ro\/?s={search_term_string}\"},\"query-input\":{\"@type\":\"PropertyValueSpecification\",\"valueRequired\":true,\"valueName\":\"search_term_string\"}}],\"inLanguage\":\"ro-RO\"},{\"@type\":\"Organization\",\"@id\":\"https:\/\/eucred.ro\/#organization\",\"name\":\"Asocia\u021bia Cultural\u0103 \u201eEu Cred\u201d\",\"url\":\"https:\/\/eucred.ro\/\",\"logo\":{\"@type\":\"ImageObject\",\"inLanguage\":\"ro-RO\",\"@id\":\"https:\/\/eucred.ro\/#\/schema\/logo\/image\/\",\"url\":\"https:\/\/eucred.ro\/wp-content\/uploads\/2025\/09\/EuCred.jpeg\",\"contentUrl\":\"https:\/\/eucred.ro\/wp-content\/uploads\/2025\/09\/EuCred.jpeg\",\"width\":1204,\"height\":631,\"caption\":\"Asocia\u021bia Cultural\u0103 \u201eEu Cred\u201d\"},\"image\":{\"@id\":\"https:\/\/eucred.ro\/#\/schema\/logo\/image\/\"}}]}<\/script>\n<!-- \/ Yoast SEO plugin. -->","yoast_head_json":{"title":"Acas\u0103 -","robots":{"index":"index","follow":"follow","max-snippet":"max-snippet:-1","max-image-preview":"max-image-preview:large","max-video-preview":"max-video-preview:-1"},"canonical":"https:\/\/eucred.ro\/","og_locale":"ro_RO","og_type":"article","og_title":"Acas\u0103 -","og_description":"Ultimele articole Categorii ( articole ) Arhiva ( articole ) Etichete","og_url":"https:\/\/eucred.ro\/","article_modified_time":"2025-09-13T18:44:00+00:00","og_image":[{"width":1204,"height":631,"url":"https:\/\/eucred.ro\/wp-content\/uploads\/2025\/09\/EuCred.jpeg","type":"image\/jpeg"}],"twitter_card":"summary_large_image","twitter_misc":{"Timp estimat pentru citire":"1 minut"},"schema":{"@context":"https:\/\/schema.org","@graph":[{"@type":"WebPage","@id":"https:\/\/eucred.ro\/","url":"https:\/\/eucred.ro\/","name":"Acas\u0103 -","isPartOf":{"@id":"https:\/\/eucred.ro\/#website"},"primaryImageOfPage":{"@id":"https:\/\/eucred.ro\/#primaryimage"},"image":{"@id":"https:\/\/eucred.ro\/#primaryimage"},"thumbnailUrl":"https:\/\/eucred.ro\/wp-content\/uploads\/2025\/09\/EuCred-1024x537.jpeg","datePublished":"2025-09-08T17:53:26+00:00","dateModified":"2025-09-13T18:44:00+00:00","breadcrumb":{"@id":"https:\/\/eucred.ro\/#breadcrumb"},"inLanguage":"ro-RO","potentialAction":[{"@type":"ReadAction","target":["https:\/\/eucred.ro\/"]}]},{"@type":"ImageObject","inLanguage":"ro-RO","@id":"https:\/\/eucred.ro\/#primaryimage","url":"https:\/\/eucred.ro\/wp-content\/uploads\/2025\/09\/EuCred.jpeg","contentUrl":"https:\/\/eucred.ro\/wp-content\/uploads\/2025\/09\/EuCred.jpeg","width":1204,"height":631,"caption":"EU CRED Eu cred c\u0103 \u00eenc\u0103 se mai poate face Dreptate pentru cei s\u0103rmani \u0219i goi, \u00cenc\u0103 mai cred \u00een dragoste \u0219i pace, Cred \u00eentr-o lume f\u0103r\u0103 de nevoi. Eu cred c\u0103 lumea poate fi mai bun\u0103, C\u0103 R\u0103stignirea n-a fost de prisos \u0218i cred c\u0103 \u00eentr-o zi o s\u0103 apun\u0103, R\u0103zboiul dintre oameni, nemilos. Cred \u00een respect, speran\u021b\u0103, unitate \u0218i cred c\u0103 r\u0103ul poate fi distrus, Cred cu t\u0103rie-n om \u0219i demnitate, \u00cen \u00cenvierea sf\u00eent\u0103-a Lui Iisus."},{"@type":"BreadcrumbList","@id":"https:\/\/eucred.ro\/#breadcrumb","itemListElement":[{"@type":"ListItem","position":1,"name":"Prima pagin\u0103","item":"https:\/\/eucred.ro\/"},{"@type":"ListItem","position":2,"name":"Acas\u0103"}]},{"@type":"WebSite","@id":"https:\/\/eucred.ro\/#website","url":"https:\/\/eucred.ro\/","name":"www.eucred.ro","description":"\u201eCred \u00een respect, speran\u021b\u0103, unitate \/ Cred cu t\u0103rie-n om \u0219i demnitate!\u201d","publisher":{"@id":"https:\/\/eucred.ro\/#organization"},"potentialAction":[{"@type":"SearchAction","target":{"@type":"EntryPoint","urlTemplate":"https:\/\/eucred.ro\/?s={search_term_string}"},"query-input":{"@type":"PropertyValueSpecification","valueRequired":true,"valueName":"search_term_string"}}],"inLanguage":"ro-RO"},{"@type":"Organization","@id":"https:\/\/eucred.ro\/#organization","name":"Asocia\u021bia Cultural\u0103 \u201eEu Cred\u201d","url":"https:\/\/eucred.ro\/","logo":{"@type":"ImageObject","inLanguage":"ro-RO","@id":"https:\/\/eucred.ro\/#\/schema\/logo\/image\/","url":"https:\/\/eucred.ro\/wp-content\/uploads\/2025\/09\/EuCred.jpeg","contentUrl":"https:\/\/eucred.ro\/wp-content\/uploads\/2025\/09\/EuCred.jpeg","width":1204,"height":631,"caption":"Asocia\u021bia Cultural\u0103 \u201eEu Cred\u201d"},"image":{"@id":"https:\/\/eucred.ro\/#\/schema\/logo\/image\/"}}]}},"_links":{"self":[{"href":"https:\/\/eucred.ro\/index.php\/wp-json\/wp\/v2\/pages\/15","targetHints":{"allow":["GET"]}}],"collection":[{"href":"https:\/\/eucred.ro\/index.php\/wp-json\/wp\/v2\/pages"}],"about":[{"href":"https:\/\/eucred.ro\/index.php\/wp-json\/wp\/v2\/types\/page"}],"author":[{"embeddable":true,"href":"https:\/\/eucred.ro\/index.php\/wp-json\/wp\/v2\/users\/1"}],"replies":[{"embeddable":true,"href":"https:\/\/eucred.ro\/index.php\/wp-json\/wp\/v2\/comments?post=15"}],"version-history":[{"count":29,"href":"https:\/\/eucred.ro\/index.php\/wp-json\/wp\/v2\/pages\/15\/revisions"}],"predecessor-version":[{"id":112,"href":"https:\/\/eucred.ro\/index.php\/wp-json\/wp\/v2\/pages\/15\/revisions\/112"}],"wp:attachment":[{"href":"https:\/\/eucred.ro\/index.php\/wp-json\/wp\/v2\/media?parent=15"}],"curies":[{"name":"wp","href":"https:\/\/api.w.org\/{rel}","templated":true}]}}